{"id":10,"date":"2013-05-10T23:11:32","date_gmt":"2013-05-10T21:11:32","guid":{"rendered":"https:\/\/www.stephan-lubahn.de\/?page_id=10"},"modified":"2026-03-30T22:56:21","modified_gmt":"2026-03-30T20:56:21","slug":"uber-uns-wer-sind-wir-und-was-wollen-wir-erreichen","status":"publish","type":"page","link":"https:\/\/www.stephan-lubahn.de\/","title":{"rendered":"\u00dcber uns,"},"content":{"rendered":"\n<h2 class=\"wp-block-heading\" id=\"wer-sind-wir-und-was-wollen-wir-erreichen\"> wer sind wir und was wollen wir erreichen <\/h2>\n\n\n\n<p>Hallo,<\/p>\n\n\n\n<p>wir sind die Familie Lubahn. Traudel ist die kreative Seite, Stephan ist der Techniker und unserem Hund Trixi geh\u00f6rte unsere ganze Aufmerksamkeit und unsere Liebe.<br>Trixi ist leider am 12.04.2019 gestorben. Wir sind unendlich traurig.<\/p>\n\n\n\n<p>Als erstes lieben wir unseren neuen Wohnort Dahme\/OH.&nbsp; Traudel ist geboren in Halberstadt\/Sachsen Anhalt , Ich in Berlin\/Wilmersdorf und Trixi bei Berlin.<\/p>\n\n\n\n<p>Support und Hilfeleistung ist unser Ziel. Technik, Kreativit\u00e4t egal, schaut einfach mal regelm\u00e4\u00dfig rein. Viel Spa\u00df bei den Informationen, die wir zur Verf\u00fcgung stellen.<br><br><\/p>\n\n\n\n<p>Traudel und Stephan<\/p>\n\n\n\n<h3 class=\"wp-block-heading\" id=\"unserer-video-kanal-von-sl-video-de\">Unserer Video Kanal von sl-video.de<\/h3>\n\n\n\n<p><a href=\"https:\/\/www.youtube.com\/c\/StephanLubahn\">https:\/\/www.youtube.com\/c\/StephanLubahn<\/a><\/p>\n\n\n\n<p>Diskussion Forum auf FaceBook<\/p>\n\n\n\n<p><a href=\"https:\/\/www.facebook.com\/groups\/1579820359276162\">https:\/\/www.facebook.com\/groups\/1579820359276162<\/a><\/p>\n\n\n\n<h4 class=\"wp-block-heading\" id=\"sitemap\"><div class=\"toc_sitemap\"><h3 class=\"toc_sitemap_pages\">Pages<\/h3><ul class=\"toc_sitemap_pages_list\"><li class=\"page_item page-item-440 current_page_parent\"><a href=\"https:\/\/www.stephan-lubahn.de\/?page_id=440\">3D Druck<\/a><\/li>\n<li class=\"page_item page-item-36\"><a href=\"https:\/\/www.stephan-lubahn.de\/?page_id=36\">Fotobearbeitung<\/a><\/li>\n<li class=\"page_item page-item-2\"><a href=\"https:\/\/www.stephan-lubahn.de\/?page_id=2\">Impressum<\/a><\/li>\n<li class=\"page_item page-item-2464\"><a href=\"https:\/\/www.stephan-lubahn.de\/?page_id=2464\">Traudels H\u00e4kel Ecke<\/a><\/li>\n<li class=\"page_item page-item-10\"><a href=\"https:\/\/www.stephan-lubahn.de\/\">\u00dcber uns,<\/a><\/li>\n<li class=\"page_item page-item-39\"><a href=\"https:\/\/www.stephan-lubahn.de\/?page_id=39\">Videobearbeitung<\/a><\/li>\n<\/ul><h3 class=\"toc_sitemap_categories\">Categories<\/h3><ul class=\"toc_sitemap_categories_list\">\t<li class=\"cat-item cat-item-132\"><a href=\"https:\/\/www.stephan-lubahn.de\/?cat=132\">3D CAD<\/a>\n<\/li>\n\t<li class=\"cat-item cat-item-73\"><a href=\"https:\/\/www.stephan-lubahn.de\/?cat=73\">3D Druck<\/a>\n<\/li>\n\t<li class=\"cat-item cat-item-71\"><a href=\"https:\/\/www.stephan-lubahn.de\/?cat=71\">Anleitungen<\/a>\n<\/li>\n\t<li class=\"cat-item cat-item-74\"><a href=\"https:\/\/www.stephan-lubahn.de\/?cat=74\">Impressum<\/a>\n<\/li>\n\t<li class=\"cat-item cat-item-90\"><a href=\"https:\/\/www.stephan-lubahn.de\/?cat=90\">Installation<\/a>\n<\/li>\n\t<li class=\"cat-item cat-item-89\"><a href=\"https:\/\/www.stephan-lubahn.de\/?cat=89\">Troubleshooting<\/a>\n<\/li>\n\t<li class=\"cat-item cat-item-1\"><a href=\"https:\/\/www.stephan-lubahn.de\/?cat=1\">Uncategorized<\/a>\n<\/li>\n<\/ul><\/div><\/h4>\n\n\n<div class=\"logged-out wp-block-loginout\"><a href=\"https:\/\/www.stephan-lubahn.de\/wp-login.php?redirect_to=https%3A%2F%2Fwww.stephan-lubahn.de%2Findex.php%3Frest_route%3D%252Fwp%252Fv2%252Fpages%252F10\">Anmelden<\/a><\/div>","protected":false},"excerpt":{"rendered":"<p>wer sind wir und was wollen wir erreichen Hallo, wir sind die Familie Lubahn. Traudel ist die kreative Seite, Stephan ist der Techniker und unserem Hund Trixi geh\u00f6rte unsere ganze Aufmerksamkeit und unsere Liebe.Trixi ist leider am 12.04.2019 gestorben. Wir &hellip; <a href=\"https:\/\/www.stephan-lubahn.de\/\">Weiterlesen <span class=\"meta-nav\">&rarr;<\/span><\/a><\/p>\n","protected":false},"author":1,"featured_media":0,"parent":0,"menu_order":0,"comment_status":"open","ping_status":"open","template":"","meta":{"_acf_changed":false,"footnotes":""},"class_list":["post-10","page","type-page","status-publish","hentry"],"acf":[],"_links":{"self":[{"href":"https:\/\/www.stephan-lubahn.de\/index.php?rest_route=\/wp\/v2\/pages\/10","targetHints":{"allow":["GET"]}}],"collection":[{"href":"https:\/\/www.stephan-lubahn.de\/index.php?rest_route=\/wp\/v2\/pages"}],"about":[{"href":"https:\/\/www.stephan-lubahn.de\/index.php?rest_route=\/wp\/v2\/types\/page"}],"author":[{"embeddable":true,"href":"https:\/\/www.stephan-lubahn.de\/index.php?rest_route=\/wp\/v2\/users\/1"}],"replies":[{"embeddable":true,"href":"https:\/\/www.stephan-lubahn.de\/index.php?rest_route=%2Fwp%2Fv2%2Fcomments&post=10"}],"version-history":[{"count":34,"href":"https:\/\/www.stephan-lubahn.de\/index.php?rest_route=\/wp\/v2\/pages\/10\/revisions"}],"predecessor-version":[{"id":2631,"href":"https:\/\/www.stephan-lubahn.de\/index.php?rest_route=\/wp\/v2\/pages\/10\/revisions\/2631"}],"wp:attachment":[{"href":"https:\/\/www.stephan-lubahn.de\/index.php?rest_route=%2Fwp%2Fv2%2Fmedia&parent=10"}],"curies":[{"name":"wp","href":"https:\/\/api.w.org\/{rel}","templated":true}]}}